{"id":1422,"date":"2024-07-25T15:58:19","date_gmt":"2024-07-25T12:58:19","guid":{"rendered":"http:\/\/10.41.150.12\/?page_id=1422"},"modified":"2024-11-01T10:49:34","modified_gmt":"2024-11-01T07:49:34","slug":"kariyer","status":"publish","type":"page","link":"https:\/\/dvu.com.tr\/en\/kurumsal\/kariyer\/","title":{"rendered":"Career"},"content":{"rendered":"<div data-elementor-type=\"wp-page\" data-elementor-id=\"1422\" class=\"elementor elementor-1422\">\n\t\t\t\t<div class=\"elementor-element elementor-element-b15c3bf e-flex e-con-boxed e-con e-parent\" data-id=\"b15c3bf\" data-element_type=\"container\" data-e-type=\"container\" data-settings=\"{&quot;background_background&quot;:&quot;classic&quot;}\">\n\t\t\t\t\t<div class=\"e-con-inner\">\n\t\t<div class=\"elementor-element elementor-element-5e0d258 e-con-full e-flex e-con e-child\" data-id=\"5e0d258\" data-element_type=\"container\" data-e-type=\"container\" data-settings=\"{&quot;background_background&quot;:&quot;classic&quot;}\">\n\t\t<div class=\"elementor-element elementor-element-613b461 e-grid e-con-boxed e-con e-child\" data-id=\"613b461\" data-element_type=\"container\" data-e-type=\"container\">\n\t\t\t\t\t<div class=\"e-con-inner\">\n\t\t\t\t<div class=\"elementor-element elementor-element-b8d2630 elementor-widget elementor-widget-text-editor\" data-id=\"b8d2630\" data-element_type=\"widget\" data-e-type=\"widget\" data-widget_type=\"text-editor.default\">\n\t\t\t\t<div class=\"elementor-widget-container\">\n\t\t\t\t\t\t\t\t\t<p><span style=\"color: #000000; text-transform: none;\"><br><span style=\"color: #0456aa; display: block; margin-bottom: 5px;\"><b>Career Opportunities<\/b><\/span><br><\/span><\/p>\n<h2 class=\"no-uppercase\" style=\"margin-top: 10px;\">Would you like to work with us?<\/h2>\n<p style=\"margin-top: 5px;\">We offer an environment where you can develop your talents and skills. By joining our team, you will have the opportunity to grow both professionally and personally. Let's achieve greater success together!<\/p>\t\t\t\t\t\t\t\t<\/div>\n\t\t\t\t<\/div>\n\t\t\t\t<div class=\"elementor-element elementor-element-b21cbad elementor-hidden-mobile elementor-widget elementor-widget-image\" data-id=\"b21cbad\" data-element_type=\"widget\" data-e-type=\"widget\" data-widget_type=\"image.default\">\n\t\t\t\t<div class=\"elementor-widget-container\">\n\t\t\t\t\t\t\t\t\t\t\t\t\t\t\t<img fetchpriority=\"high\" decoding=\"async\" width=\"300\" height=\"300\" src=\"https:\/\/dvu.com.tr\/wp-content\/uploads\/2024\/07\/manuelveotomatiksslyonetimifarklari-1536x1025-1-300x300.jpg\" class=\"attachment-woocommerce_thumbnail size-woocommerce_thumbnail wp-image-2286\" alt=\"\" srcset=\"https:\/\/dvu.com.tr\/wp-content\/uploads\/2024\/07\/manuelveotomatiksslyonetimifarklari-1536x1025-1-300x300.jpg 300w, https:\/\/dvu.com.tr\/wp-content\/uploads\/2024\/07\/manuelveotomatiksslyonetimifarklari-1536x1025-1-150x150.jpg 150w, https:\/\/dvu.com.tr\/wp-content\/uploads\/2024\/07\/manuelveotomatiksslyonetimifarklari-1536x1025-1-100x100.jpg 100w\" sizes=\"(max-width: 300px) 100vw, 300px\" \/>\t\t\t\t\t\t\t\t\t\t\t\t\t\t\t<\/div>\n\t\t\t\t<\/div>\n\t\t\t\t\t<\/div>\n\t\t\t\t<\/div>\n\t\t\t\t<\/div>\n\t\t\t\t\t<\/div>\n\t\t\t\t<\/div>\n\t\t<div class=\"elementor-element elementor-element-b985464 e-flex e-con-boxed e-con e-parent\" data-id=\"b985464\" data-element_type=\"container\" data-e-type=\"container\" data-settings=\"{&quot;background_background&quot;:&quot;classic&quot;}\">\n\t\t\t\t\t<div class=\"e-con-inner\">\n\t\t<div class=\"elementor-element elementor-element-cbfaf1a e-con-full e-flex e-con e-child\" data-id=\"cbfaf1a\" data-element_type=\"container\" data-e-type=\"container\" data-settings=\"{&quot;background_background&quot;:&quot;classic&quot;}\">\n\t\t\t\t<div class=\"elementor-element elementor-element-94d0a50 elementor-widget elementor-widget-shortcode\" data-id=\"94d0a50\" data-element_type=\"widget\" data-e-type=\"widget\" data-widget_type=\"shortcode.default\">\n\t\t\t\t<div class=\"elementor-widget-container\">\n\t\t\t\t\t\t\t<div class=\"elementor-shortcode\">\n<div class=\"wpcf7 no-js\" id=\"wpcf7-f1454-o1\" lang=\"en-US\" dir=\"ltr\" data-wpcf7-id=\"1454\">\n<div class=\"screen-reader-response\"><p role=\"status\" aria-live=\"polite\" aria-atomic=\"true\"><\/p> <ul><\/ul><\/div>\n<form action=\"\/en\/wp-json\/wp\/v2\/pages\/1422#wpcf7-f1454-o1\" method=\"post\" class=\"wpcf7-form init\" aria-label=\"Contact form\" enctype=\"multipart\/form-data\" novalidate=\"novalidate\" data-status=\"init\" data-trp-original-action=\"\/en\/wp-json\/wp\/v2\/pages\/1422#wpcf7-f1454-o1\">\n<fieldset class=\"hidden-fields-container\"><input type=\"hidden\" name=\"_wpcf7\" value=\"1454\" \/><input type=\"hidden\" name=\"_wpcf7_version\" value=\"6.1.5\" \/><input type=\"hidden\" name=\"_wpcf7_locale\" value=\"en_US\" \/><input type=\"hidden\" name=\"_wpcf7_unit_tag\" value=\"wpcf7-f1454-o1\" \/><input type=\"hidden\" name=\"_wpcf7_container_post\" value=\"0\" \/><input type=\"hidden\" name=\"_wpcf7_posted_data_hash\" value=\"\" \/><input type=\"hidden\" name=\"_wpcf7_recaptcha_response\" value=\"\" \/>\n<\/fieldset>\n<p><label> Your Name<br \/>\n<span class=\"wpcf7-form-control-wrap\" data-name=\"your-name\"><input size=\"40\" maxlength=\"400\" class=\"wpcf7-form-control wpcf7-text wpcf7-validates-as-required\" autocomplete=\"name\" aria-required=\"true\" aria-invalid=\"false\" value=\"\" type=\"text\" name=\"your-name\" \/><\/span> <\/label>\n<\/p>\n<p><label> Email Address<br \/>\n<span class=\"wpcf7-form-control-wrap\" data-name=\"your-email\"><input size=\"40\" maxlength=\"400\" class=\"wpcf7-form-control wpcf7-email wpcf7-validates-as-required wpcf7-text wpcf7-validates-as-email\" autocomplete=\"email\" aria-required=\"true\" aria-invalid=\"false\" value=\"\" type=\"email\" name=\"your-email\" \/><\/span> <\/label>\n<\/p>\n<p><label> Subject<br \/>\n<span class=\"wpcf7-form-control-wrap\" data-name=\"your-subject\"><input size=\"40\" maxlength=\"400\" class=\"wpcf7-form-control wpcf7-text wpcf7-validates-as-required\" aria-required=\"true\" aria-invalid=\"false\" value=\"\" type=\"text\" name=\"your-subject\" \/><\/span> <\/label>\n<\/p>\n<p><label> Upload your CV here<br \/>\n<span class=\"wpcf7-form-control-wrap\" data-name=\"your-file\"><input size=\"40\" class=\"wpcf7-form-control wpcf7-file wpcf7-validates-as-required\" accept=\".pdf,.doc,.docx\" aria-required=\"true\" aria-invalid=\"false\" type=\"file\" name=\"your-file\" \/><\/span><\/label>\n<\/p>\n<p><label> Your Message<br \/>\n<span class=\"wpcf7-form-control-wrap\" data-name=\"your-message\"><textarea cols=\"40\" rows=\"10\" maxlength=\"2000\" class=\"wpcf7-form-control wpcf7-textarea small-textarea\" aria-invalid=\"false\" name=\"your-message\"><\/textarea><\/span> <\/label>\n<\/p>\n\n<p><input class=\"wpcf7-form-control wpcf7-submit has-spinner\" type=\"submit\" value=\"Send\" \/>\n<\/p><div class=\"wpcf7-response-output\" aria-hidden=\"true\"><\/div>\n<input type=\"hidden\" name=\"trp-form-language\" value=\"en\"\/><\/form>\n<\/div>\n<\/div>\n\t\t\t\t\t\t<\/div>\n\t\t\t\t<\/div>\n\t\t\t\t<\/div>\n\t\t<div class=\"elementor-element elementor-element-def7935 e-con-full e-flex e-con e-child\" data-id=\"def7935\" data-element_type=\"container\" data-e-type=\"container\">\n\t\t<div class=\"elementor-element elementor-element-b643da5 e-grid e-con-full e-con e-child\" data-id=\"b643da5\" data-element_type=\"container\" data-e-type=\"container\">\n\t\t\t\t<div class=\"elementor-element elementor-element-77786a9 elementor-widget__width-initial elementor-widget elementor-widget-text-editor\" data-id=\"77786a9\" data-element_type=\"widget\" data-e-type=\"widget\" data-widget_type=\"text-editor.default\">\n\t\t\t\t<div class=\"elementor-widget-container\">\n\t\t\t\t\t\t\t\t\t<section id=\"block-33\" class=\"widget widget_block contact-section\"><section id=\"block-37\" class=\"widget widget_block contact-section\"><h5 class=\"no-uppercase\" style=\"font-size: 25px;\">Contact Information:<\/h5><div class=\"contact-item\">Phone:\u00a0 +90 262 502 3054<\/div><\/section><section id=\"block-38\" class=\"widget widget_block widget_text\"><div class=\"contact-item\">Address:\u00a0\u00a0<a href=\"https:\/\/www.google.com\/maps\/place\/\/@40.8037442,29.4926316,14z\/data=!3m1!4b1?entry=ttu\">Muallimk\u00f6y Mahallesi, Deniz Cd. No:143-5, 41400 Gebze\/Kocaeli<\/a><\/div><\/section><section id=\"block-39\" class=\"widget widget_block widget_text\"><div class=\"contact-item\">E-mail:\u00a0\u00a0<a href=\"mailto:iletisim@dvu.com.tr\">iletisim@dvu.com.tr<\/a><\/div><\/section><\/section>\t\t\t\t\t\t\t\t<\/div>\n\t\t\t\t<\/div>\n\t\t\t\t<div class=\"elementor-element elementor-element-0989f7f elementor-widget elementor-widget-image\" data-id=\"0989f7f\" data-element_type=\"widget\" data-e-type=\"widget\" data-widget_type=\"image.default\">\n\t\t\t\t<div class=\"elementor-widget-container\">\n\t\t\t\t\t\t\t\t\t\t\t\t\t\t\t<img decoding=\"async\" src=\"https:\/\/dvu.com.tr\/wp-content\/uploads\/2024\/08\/depositphotos_382797946-stock-photo-business-partners-shaking-hands-sitting.webp\" title=\"\" alt=\"\" loading=\"lazy\" \/>\t\t\t\t\t\t\t\t\t\t\t\t\t\t\t<\/div>\n\t\t\t\t<\/div>\n\t\t\t\t<\/div>\n\t\t\t\t<\/div>\n\t\t\t\t\t<\/div>\n\t\t\t\t<\/div>\n\t\t\t\t<\/div>","protected":false},"excerpt":{"rendered":"<p>Kariyer F\u0131rsatlar\u0131m\u0131z Bizimle \u00c7al\u0131\u015fmak \u0130ster Misiniz? Yeteneklerinizi ve becerilerinizi geli\u015ftirebilece\u011finiz bir ortam sunuyoruz. Ekibimize kat\u0131larak hem profesyonel hem de ki\u015fisel olarak b\u00fcy\u00fcme f\u0131rsat\u0131n\u0131 yakalayabilirsiniz. Gelin, birlikte daha b\u00fcy\u00fck ba\u015far\u0131lara imza atal\u0131m! \u0130leti\u015fim Bilgileri: Telefon:\u00a0 +90 262 502 3054 Adres:\u00a0\u00a0Muallimk\u00f6y Mahallesi, Deniz Cd. No:143-5, 41400 Gebze\/Kocaeli E-mail:\u00a0\u00a0iletisim@dvu.com.tr<\/p>","protected":false},"author":1,"featured_media":0,"parent":1206,"menu_order":0,"comment_status":"closed","ping_status":"closed","template":"","meta":{"_monsterinsights_skip_tracking":false,"_monsterinsights_sitenote_active":false,"_monsterinsights_sitenote_note":"","_monsterinsights_sitenote_category":0,"_kadence_starter_templates_imported_post":false,"_kad_post_transparent":"","_kad_post_title":"hide","_kad_post_layout":"fullwidth","_kad_post_sidebar_id":"","_kad_post_content_style":"unboxed","_kad_post_vertical_padding":"hide","_kad_post_feature":"hide","_kad_post_feature_position":"","_kad_post_header":false,"_kad_post_footer":false,"_kad_post_classname":"","footnotes":""},"class_list":["post-1422","page","type-page","status-publish","hentry"],"yoast_head":"<!-- This site is optimized with the Yoast SEO plugin v27.3 - https:\/\/yoast.com\/product\/yoast-seo-wordpress\/ -->\n<title>Kariyer - DVU DANI\u015eMANLIK, YAZILIM VE AR-GE A.\u015e.<\/title>\n<meta name=\"robots\" content=\"index, follow, max-snippet:-1, max-image-preview:large, max-video-preview:-1\" \/>\n<link rel=\"canonical\" href=\"https:\/\/127.0.0.1\/kurumsal\/kariyer\/\" \/>\n<meta property=\"og:locale\" content=\"en_US\" \/>\n<meta property=\"og:type\" content=\"article\" \/>\n<meta property=\"og:title\" content=\"Kariyer - DVU DANI\u015eMANLIK, YAZILIM VE AR-GE A.\u015e.\" \/>\n<meta property=\"og:description\" content=\"Kariyer F\u0131rsatlar\u0131m\u0131z Bizimle \u00c7al\u0131\u015fmak \u0130ster Misiniz? Yeteneklerinizi ve becerilerinizi geli\u015ftirebilece\u011finiz bir ortam sunuyoruz. Ekibimize kat\u0131larak hem profesyonel hem de ki\u015fisel olarak b\u00fcy\u00fcme f\u0131rsat\u0131n\u0131 yakalayabilirsiniz. Gelin, birlikte daha b\u00fcy\u00fck ba\u015far\u0131lara imza atal\u0131m! \u0130leti\u015fim Bilgileri: Telefon:\u00a0 +90 262 502 3054 Adres:\u00a0\u00a0Muallimk\u00f6y Mahallesi, Deniz Cd. No:143-5, 41400 Gebze\/Kocaeli E-mail:\u00a0\u00a0iletisim@dvu.com.tr\" \/>\n<meta property=\"og:url\" content=\"https:\/\/127.0.0.1\/kurumsal\/kariyer\/\" \/>\n<meta property=\"og:site_name\" content=\"DVU DANI\u015eMANLIK, YAZILIM VE AR-GE A.\u015e.\" \/>\n<meta property=\"article:modified_time\" content=\"2024-11-01T07:49:34+00:00\" \/>\n<meta property=\"og:image\" content=\"https:\/\/dvu.com.tr\/wp-content\/uploads\/2024\/07\/manuelveotomatiksslyonetimifarklari-1536x1025-1-300x300.jpg\" \/>\n<meta name=\"twitter:card\" content=\"summary_large_image\" \/>\n<script type=\"application\/ld+json\" class=\"yoast-schema-graph\">{\"@context\":\"https:\\\/\\\/schema.org\",\"@graph\":[{\"@type\":\"WebPage\",\"@id\":\"https:\\\/\\\/127.0.0.1\\\/kurumsal\\\/kariyer\\\/\",\"url\":\"https:\\\/\\\/127.0.0.1\\\/kurumsal\\\/kariyer\\\/\",\"name\":\"Kariyer - DVU DANI\u015eMANLIK, YAZILIM VE AR-GE A.\u015e.\",\"isPartOf\":{\"@id\":\"https:\\\/\\\/dvu.com.tr\\\/#website\"},\"primaryImageOfPage\":{\"@id\":\"https:\\\/\\\/127.0.0.1\\\/kurumsal\\\/kariyer\\\/#primaryimage\"},\"image\":{\"@id\":\"https:\\\/\\\/127.0.0.1\\\/kurumsal\\\/kariyer\\\/#primaryimage\"},\"thumbnailUrl\":\"https:\\\/\\\/dvu.com.tr\\\/wp-content\\\/uploads\\\/2024\\\/07\\\/manuelveotomatiksslyonetimifarklari-1536x1025-1-300x300.jpg\",\"datePublished\":\"2024-07-25T12:58:19+00:00\",\"dateModified\":\"2024-11-01T07:49:34+00:00\",\"breadcrumb\":{\"@id\":\"https:\\\/\\\/127.0.0.1\\\/kurumsal\\\/kariyer\\\/#breadcrumb\"},\"inLanguage\":\"en-US\",\"potentialAction\":[{\"@type\":\"ReadAction\",\"target\":[\"https:\\\/\\\/127.0.0.1\\\/kurumsal\\\/kariyer\\\/\"]}]},{\"@type\":\"ImageObject\",\"inLanguage\":\"en-US\",\"@id\":\"https:\\\/\\\/127.0.0.1\\\/kurumsal\\\/kariyer\\\/#primaryimage\",\"url\":\"https:\\\/\\\/dvu.com.tr\\\/wp-content\\\/uploads\\\/2024\\\/07\\\/manuelveotomatiksslyonetimifarklari-1536x1025-1-300x300.jpg\",\"contentUrl\":\"https:\\\/\\\/dvu.com.tr\\\/wp-content\\\/uploads\\\/2024\\\/07\\\/manuelveotomatiksslyonetimifarklari-1536x1025-1-300x300.jpg\"},{\"@type\":\"BreadcrumbList\",\"@id\":\"https:\\\/\\\/127.0.0.1\\\/kurumsal\\\/kariyer\\\/#breadcrumb\",\"itemListElement\":[{\"@type\":\"ListItem\",\"position\":1,\"name\":\"Home\",\"item\":\"https:\\\/\\\/dvu.com.tr\\\/\"},{\"@type\":\"ListItem\",\"position\":2,\"name\":\"Kurumsal\",\"item\":\"https:\\\/\\\/dvu.com.tr\\\/en\\\/kurumsal\\\/\"},{\"@type\":\"ListItem\",\"position\":3,\"name\":\"Kariyer\"}]},{\"@type\":\"WebSite\",\"@id\":\"https:\\\/\\\/dvu.com.tr\\\/#website\",\"url\":\"https:\\\/\\\/dvu.com.tr\\\/\",\"name\":\"DVU DANI\u015eMANLIK, YAZILIM VE AR-GE A.\u015e.\",\"description\":\"\",\"publisher\":{\"@id\":\"https:\\\/\\\/dvu.com.tr\\\/#organization\"},\"potentialAction\":[{\"@type\":\"SearchAction\",\"target\":{\"@type\":\"EntryPoint\",\"urlTemplate\":\"https:\\\/\\\/dvu.com.tr\\\/?s={search_term_string}\"},\"query-input\":{\"@type\":\"PropertyValueSpecification\",\"valueRequired\":true,\"valueName\":\"search_term_string\"}}],\"inLanguage\":\"en-US\"},{\"@type\":\"Organization\",\"@id\":\"https:\\\/\\\/dvu.com.tr\\\/#organization\",\"name\":\"DVU DANI\u015eMANLIK, YAZILIM VE AR-GE A.\u015e.\",\"url\":\"https:\\\/\\\/dvu.com.tr\\\/\",\"logo\":{\"@type\":\"ImageObject\",\"inLanguage\":\"en-US\",\"@id\":\"https:\\\/\\\/dvu.com.tr\\\/#\\\/schema\\\/logo\\\/image\\\/\",\"url\":\"https:\\\/\\\/dvu.com.tr\\\/wp-content\\\/uploads\\\/2024\\\/07\\\/cropped-dvuLogooo.webp\",\"contentUrl\":\"https:\\\/\\\/dvu.com.tr\\\/wp-content\\\/uploads\\\/2024\\\/07\\\/cropped-dvuLogooo.webp\",\"width\":201,\"height\":62,\"caption\":\"DVU DANI\u015eMANLIK, YAZILIM VE AR-GE A.\u015e.\"},\"image\":{\"@id\":\"https:\\\/\\\/dvu.com.tr\\\/#\\\/schema\\\/logo\\\/image\\\/\"}}]}<\/script>\n<!-- \/ Yoast SEO plugin. -->","yoast_head_json":{"title":"Kariyer - DVU DANI\u015eMANLIK, YAZILIM VE AR-GE A.\u015e.","robots":{"index":"index","follow":"follow","max-snippet":"max-snippet:-1","max-image-preview":"max-image-preview:large","max-video-preview":"max-video-preview:-1"},"canonical":"https:\/\/127.0.0.1\/kurumsal\/kariyer\/","og_locale":"en_US","og_type":"article","og_title":"Kariyer - DVU DANI\u015eMANLIK, YAZILIM VE AR-GE A.\u015e.","og_description":"Kariyer F\u0131rsatlar\u0131m\u0131z Bizimle \u00c7al\u0131\u015fmak \u0130ster Misiniz? Yeteneklerinizi ve becerilerinizi geli\u015ftirebilece\u011finiz bir ortam sunuyoruz. Ekibimize kat\u0131larak hem profesyonel hem de ki\u015fisel olarak b\u00fcy\u00fcme f\u0131rsat\u0131n\u0131 yakalayabilirsiniz. Gelin, birlikte daha b\u00fcy\u00fck ba\u015far\u0131lara imza atal\u0131m! \u0130leti\u015fim Bilgileri: Telefon:\u00a0 +90 262 502 3054 Adres:\u00a0\u00a0Muallimk\u00f6y Mahallesi, Deniz Cd. No:143-5, 41400 Gebze\/Kocaeli E-mail:\u00a0\u00a0iletisim@dvu.com.tr","og_url":"https:\/\/127.0.0.1\/kurumsal\/kariyer\/","og_site_name":"DVU DANI\u015eMANLIK, YAZILIM VE AR-GE A.\u015e.","article_modified_time":"2024-11-01T07:49:34+00:00","og_image":[{"url":"https:\/\/dvu.com.tr\/wp-content\/uploads\/2024\/07\/manuelveotomatiksslyonetimifarklari-1536x1025-1-300x300.jpg","type":"","width":"","height":""}],"twitter_card":"summary_large_image","schema":{"@context":"https:\/\/schema.org","@graph":[{"@type":"WebPage","@id":"https:\/\/127.0.0.1\/kurumsal\/kariyer\/","url":"https:\/\/127.0.0.1\/kurumsal\/kariyer\/","name":"Kariyer - DVU DANI\u015eMANLIK, YAZILIM VE AR-GE A.\u015e.","isPartOf":{"@id":"https:\/\/dvu.com.tr\/#website"},"primaryImageOfPage":{"@id":"https:\/\/127.0.0.1\/kurumsal\/kariyer\/#primaryimage"},"image":{"@id":"https:\/\/127.0.0.1\/kurumsal\/kariyer\/#primaryimage"},"thumbnailUrl":"https:\/\/dvu.com.tr\/wp-content\/uploads\/2024\/07\/manuelveotomatiksslyonetimifarklari-1536x1025-1-300x300.jpg","datePublished":"2024-07-25T12:58:19+00:00","dateModified":"2024-11-01T07:49:34+00:00","breadcrumb":{"@id":"https:\/\/127.0.0.1\/kurumsal\/kariyer\/#breadcrumb"},"inLanguage":"en-US","potentialAction":[{"@type":"ReadAction","target":["https:\/\/127.0.0.1\/kurumsal\/kariyer\/"]}]},{"@type":"ImageObject","inLanguage":"en-US","@id":"https:\/\/127.0.0.1\/kurumsal\/kariyer\/#primaryimage","url":"https:\/\/dvu.com.tr\/wp-content\/uploads\/2024\/07\/manuelveotomatiksslyonetimifarklari-1536x1025-1-300x300.jpg","contentUrl":"https:\/\/dvu.com.tr\/wp-content\/uploads\/2024\/07\/manuelveotomatiksslyonetimifarklari-1536x1025-1-300x300.jpg"},{"@type":"BreadcrumbList","@id":"https:\/\/127.0.0.1\/kurumsal\/kariyer\/#breadcrumb","itemListElement":[{"@type":"ListItem","position":1,"name":"Home","item":"https:\/\/dvu.com.tr\/"},{"@type":"ListItem","position":2,"name":"Kurumsal","item":"https:\/\/dvu.com.tr\/en\/kurumsal\/"},{"@type":"ListItem","position":3,"name":"Kariyer"}]},{"@type":"WebSite","@id":"https:\/\/dvu.com.tr\/#website","url":"https:\/\/dvu.com.tr\/","name":"DVU DANI\u015eMANLIK, YAZILIM VE AR-GE A.\u015e.","description":"","publisher":{"@id":"https:\/\/dvu.com.tr\/#organization"},"potentialAction":[{"@type":"SearchAction","target":{"@type":"EntryPoint","urlTemplate":"https:\/\/dvu.com.tr\/?s={search_term_string}"},"query-input":{"@type":"PropertyValueSpecification","valueRequired":true,"valueName":"search_term_string"}}],"inLanguage":"en-US"},{"@type":"Organization","@id":"https:\/\/dvu.com.tr\/#organization","name":"DVU DANI\u015eMANLIK, YAZILIM VE AR-GE A.\u015e.","url":"https:\/\/dvu.com.tr\/","logo":{"@type":"ImageObject","inLanguage":"en-US","@id":"https:\/\/dvu.com.tr\/#\/schema\/logo\/image\/","url":"https:\/\/dvu.com.tr\/wp-content\/uploads\/2024\/07\/cropped-dvuLogooo.webp","contentUrl":"https:\/\/dvu.com.tr\/wp-content\/uploads\/2024\/07\/cropped-dvuLogooo.webp","width":201,"height":62,"caption":"DVU DANI\u015eMANLIK, YAZILIM VE AR-GE A.\u015e."},"image":{"@id":"https:\/\/dvu.com.tr\/#\/schema\/logo\/image\/"}}]}},"_links":{"self":[{"href":"https:\/\/dvu.com.tr\/en\/wp-json\/wp\/v2\/pages\/1422","targetHints":{"allow":["GET"]}}],"collection":[{"href":"https:\/\/dvu.com.tr\/en\/wp-json\/wp\/v2\/pages"}],"about":[{"href":"https:\/\/dvu.com.tr\/en\/wp-json\/wp\/v2\/types\/page"}],"author":[{"embeddable":true,"href":"https:\/\/dvu.com.tr\/en\/wp-json\/wp\/v2\/users\/1"}],"replies":[{"embeddable":true,"href":"https:\/\/dvu.com.tr\/en\/wp-json\/wp\/v2\/comments?post=1422"}],"version-history":[{"count":0,"href":"https:\/\/dvu.com.tr\/en\/wp-json\/wp\/v2\/pages\/1422\/revisions"}],"up":[{"embeddable":true,"href":"https:\/\/dvu.com.tr\/en\/wp-json\/wp\/v2\/pages\/1206"}],"wp:attachment":[{"href":"https:\/\/dvu.com.tr\/en\/wp-json\/wp\/v2\/media?parent=1422"}],"curies":[{"name":"wp","href":"https:\/\/api.w.org\/{rel}","templated":true}]}}